{"id":56,"date":"2016-08-03T12:30:04","date_gmt":"2016-08-03T12:30:04","guid":{"rendered":"https:\/\/themify.me\/demo\/themes\/ultra-agency\/?page_id=4"},"modified":"2025-11-28T09:55:09","modified_gmt":"2025-11-28T09:55:09","slug":"about-us","status":"publish","type":"page","link":"https:\/\/jcaeiro.com\/?page_id=56","title":{"rendered":"About Us"},"content":{"rendered":" <div id=\"themify_builder_content-56\" data-postid=\"56\" class=\"themify_builder_content themify_builder_content-56 themify_builder\">\n    \t<!-- module_row -->\n\t<div  class=\"themify_builder_row module_row clearfix module_row_0 themify_builder_56_row module_row_56-0 tb_0o13389\">\n\t    \t    <div class=\"row_inner col_align_top\" >\n\t\t\t<div  class=\"module_column tb-column col-full first tb_56_column module_column_0 module_column_56-0-0 tb_vmmd389\">\n\t    \t    \t        <div class=\"tb-column-inner\">\n\t\t    <!-- module text -->\n<div  class=\"module module-text tb_efk4398    \">\n            <div  class=\"tb_text_wrap\">\n    <p>\u00a0<\/p>\n<main style=\"font-family: -apple-system, BlinkMacSystemFont, 'Segoe UI', Roboto, Arial, sans-serif; line-height: 1.6; padding: 32px; max-width: 800px; margin: auto; color: #111;\"><\/main>\n<p>\u00a0<\/p>\n<section style=\"text-align: center; margin-bottom: 24px;\">\n<h1 style=\"font-size: 1.8rem; margin-bottom: 6px;\">Sobre la App<\/h1>\n<p style=\"color: #555; font-size: 1rem;\">Comunidad de Propietarios y Vecinos<\/p>\n<\/section>\n<section style=\"background: #f9f9f9; padding: 18px; border-radius: 10px; margin-bottom: 20px; box-shadow: 0 2px 4px rgba(0,0,0,0.05);\">\n<h2 style=\"font-size: 1.2rem; margin-bottom: 8px;\">Desarrollador<\/h2>\n<p><strong>Nombre:<\/strong> : Mi Comunidad<\/p>\n<p><strong>NIF\/CIF:<\/strong> 33268081F<\/p>\n<p><strong>Contacto:<\/strong> <a style=\"color: #0066cc;\" href=\"mailto:ComunidadAvenidaSantiago@gmail.com\">ComunidadAvenidaSantiago@gmail.com<\/a><\/p>\n<p><strong>Direcci\u00f3n:<\/strong> Avenida de Santiago 118 \u2013 A Estrada, Galicia, Espa\u00f1a<\/p>\n<\/section>\n<section style=\"background: #f9f9f9; padding: 18px; border-radius: 10px; margin-bottom: 20px; box-shadow: 0 2px 4px rgba(0,0,0,0.05);\">\n<h2 style=\"font-size: 1.2rem; margin-bottom: 8px;\">Aplicaci\u00f3n<\/h2>\n<p><strong>App:<\/strong> Comunidad Avenida Santiago 119-118<\/p>\n<p>Esta app est\u00e1 dise\u00f1ada para que los vecinos de nuestra comunidad puedan consultar sus consumos de agua caliente y calefacci\u00f3n<\/p>\n<\/section>\n<section style=\"background: #fff; padding: 18px; border-radius: 10px; margin-bottom: 20px; border: 1px solid #eee;\">\n<h2 style=\"font-size: 1.2rem; margin-bottom: 8px;\">Tecnolog\u00edas Utilizadas<\/h2>\n<ul style=\"padding-left: 20px;\">\n<li>Desarrollo Android \/ iOS nativo e integraci\u00f3n de servicios backend<\/li>\n<li>Comunicaciones seguras mediante protocolo TLS<\/li>\n<li>Almacenamiento y procesamiento de datos bajo normativa europea<\/li>\n<\/ul>\n<\/section>\n<section style=\"text-align: center; margin-top: 32px; padding-top: 18px; border-top: 1px solid #eee;\">\n<p style=\"color: #444; font-size: 0.95rem;\">\u00a9 2022\u20132025 \u2014 Aplicaci\u00f3n privada para la gesti\u00f3n interna de nuesta comunidad de propietarios.<br \/>Todos los datos se gestionan conforme a las normativas de privacidad y seguridad vigentes.<\/p>\n<\/section>\n<p>\u00a0<\/p>    <\/div>\n<\/div>\n<!-- \/module text -->\n\t        <\/div>\n\t    \t<\/div>\n\t\t    <\/div>\n\t    <!-- \/row_inner -->\n\t<\/div>\n\t<!-- \/module_row -->\n\t<\/div>\n\n","protected":false},"excerpt":{"rendered":"<p>\u00a0 \u00a0 Sobre la App Comunidad de Propietarios y Vecinos Desarrollador Nombre: : Mi Comunidad NIF\/CIF: 33268081F Contacto: ComunidadAvenidaSantiago@gmail.com Direcci\u00f3n: Avenida de Santiago 118 \u2013 A Estrada, Galicia, Espa\u00f1a Aplicaci\u00f3n App: Comunidad Avenida Santiago 119-118 Esta app est\u00e1 dise\u00f1ada para que los vecinos de nuestra comunidad puedan consultar sus consumos de agua caliente y calefacci\u00f3n [&hellip;]<\/p>\n","protected":false},"author":1,"featured_media":0,"parent":0,"menu_order":0,"comment_status":"closed","ping_status":"closed","template":"","meta":{"footnotes":""},"class_list":["post-56","page","type-page","status-publish","hentry","has-post-title","has-post-date","has-post-category","has-post-tag","has-post-comment","has-post-author",""],"builder_content":"<p>\u00a0<\/p> <main style=\"font-family: -apple-system, BlinkMacSystemFont, 'Segoe UI', Roboto, Arial, sans-serif; line-height: 1.6; padding: 32px; max-width: 800px; margin: auto; color: #111;\"><\/main> <p>\u00a0<\/p> <section style=\"text-align: center; margin-bottom: 24px;\"> <h1 style=\"font-size: 1.8rem; margin-bottom: 6px;\">Sobre la App<\/h1> <p style=\"color: #555; font-size: 1rem;\">Comunidad de Propietarios y Vecinos<\/p> <\/section> <section style=\"background: #f9f9f9; padding: 18px; border-radius: 10px; margin-bottom: 20px; box-shadow: 0 2px 4px rgba(0,0,0,0.05);\"> <h2 style=\"font-size: 1.2rem; margin-bottom: 8px;\">Desarrollador<\/h2> <p><strong>Nombre:<\/strong> : Mi Comunidad<\/p> <p><strong>NIF\/CIF:<\/strong> 33268081F<\/p> <p><strong>Contacto:<\/strong> <a style=\"color: #0066cc;\" href=\"mailto:ComunidadAvenidaSantiago@gmail.com\">ComunidadAvenidaSantiago@gmail.com<\/a><\/p> <p><strong>Direcci\u00f3n:<\/strong> Avenida de Santiago 118 \u2013 A Estrada, Galicia, Espa\u00f1a<\/p> <\/section> <section style=\"background: #f9f9f9; padding: 18px; border-radius: 10px; margin-bottom: 20px; box-shadow: 0 2px 4px rgba(0,0,0,0.05);\"> <h2 style=\"font-size: 1.2rem; margin-bottom: 8px;\">Aplicaci\u00f3n<\/h2> <p><strong>App:<\/strong> Comunidad Avenida Santiago 119-118<\/p> <p>Esta app est\u00e1 dise\u00f1ada para que los vecinos de nuestra comunidad puedan consultar sus consumos de agua caliente y calefacci\u00f3n<\/p> <\/section> <section style=\"background: #fff; padding: 18px; border-radius: 10px; margin-bottom: 20px; border: 1px solid #eee;\"> <h2 style=\"font-size: 1.2rem; margin-bottom: 8px;\">Tecnolog\u00edas Utilizadas<\/h2> <ul style=\"padding-left: 20px;\"> <li>Desarrollo Android \/ iOS nativo e integraci\u00f3n de servicios backend<\/li> <li>Comunicaciones seguras mediante protocolo TLS<\/li> <li>Almacenamiento y procesamiento de datos bajo normativa europea<\/li> <\/ul> <\/section> <section style=\"text-align: center; margin-top: 32px; padding-top: 18px; border-top: 1px solid #eee;\"> <p style=\"color: #444; font-size: 0.95rem;\">\u00a9 2022\u20132025 \u2014 Aplicaci\u00f3n privada para la gesti\u00f3n interna de nuesta comunidad de propietarios.<br \/>Todos los datos se gestionan conforme a las normativas de privacidad y seguridad vigentes.<\/p> <\/section> <p>\u00a0<\/p>","_links":{"self":[{"href":"https:\/\/jcaeiro.com\/index.php?rest_route=\/wp\/v2\/pages\/56","targetHints":{"allow":["GET"]}}],"collection":[{"href":"https:\/\/jcaeiro.com\/index.php?rest_route=\/wp\/v2\/pages"}],"about":[{"href":"https:\/\/jcaeiro.com\/index.php?rest_route=\/wp\/v2\/types\/page"}],"author":[{"embeddable":true,"href":"https:\/\/jcaeiro.com\/index.php?rest_route=\/wp\/v2\/users\/1"}],"replies":[{"embeddable":true,"href":"https:\/\/jcaeiro.com\/index.php?rest_route=%2Fwp%2Fv2%2Fcomments&post=56"}],"version-history":[{"count":4,"href":"https:\/\/jcaeiro.com\/index.php?rest_route=\/wp\/v2\/pages\/56\/revisions"}],"predecessor-version":[{"id":148,"href":"https:\/\/jcaeiro.com\/index.php?rest_route=\/wp\/v2\/pages\/56\/revisions\/148"}],"wp:attachment":[{"href":"https:\/\/jcaeiro.com\/index.php?rest_route=%2Fwp%2Fv2%2Fmedia&parent=56"}],"curies":[{"name":"wp","href":"https:\/\/api.w.org\/{rel}","templated":true}]}}