{"id":58,"date":"2016-08-03T13:03:41","date_gmt":"2016-08-03T13:03:41","guid":{"rendered":"https:\/\/themify.me\/demo\/themes\/ultra-agency\/?page_id=18"},"modified":"2025-11-28T10:07:36","modified_gmt":"2025-11-28T10:07:36","slug":"home","status":"publish","type":"page","link":"https:\/\/jcaeiro.com\/","title":{"rendered":"Home"},"content":{"rendered":" <div id=\"themify_builder_content-58\" data-postid=\"58\" class=\"themify_builder_content themify_builder_content-58 themify_builder\">\n    \t<!-- module_row -->\n\t<div  class=\"themify_builder_row module_row clearfix module_row_0 themify_builder_58_row module_row_58-0 tb_nb6o482\">\n\t    \t    <div class=\"row_inner col_align_top\" >\n\t\t\t<div  class=\"module_column tb-column col-full first tb_58_column module_column_0 module_column_58-0-0 tb_veyx482\">\n\t    \t    \t        <div class=\"tb-column-inner\">\n\t\t    <!-- module text -->\n<div  class=\"module module-text tb_uiqh375    \">\n            <div  class=\"tb_text_wrap\">\n    <p><body style=\"margin:0; padding:0; min-height:100vh; background:linear-gradient(135deg, #6a11cb 0%, #2575fc 100%); font-family:-apple-system, BlinkMacSystemFont, 'Segoe UI', Roboto, Arial, sans-serif; color:#fff; display:flex; flex-direction:column;\"><\/p>\n<header style=\"text-align:center; padding:40px 20px;\">\n<h1 style=\"font-size:2.4rem; margin-bottom:10px;\">Bienvenido a mi web<\/h1>\n<p style=\"font-size:1.1rem; opacity:0.9; margin-top:0;\">\n      Informaci\u00f3n, comunicaci\u00f3n y servicios\n    <\/p>\n<\/header>\n<p>  <main style=\"flex:1; display:flex; flex-direction:column; align-items:center; justify-content:center; padding:20px;\"><\/p>\n<section style=\"background:rgba(0,0,0,0.15); padding:24px; border-radius:16px; box-shadow:0 4px 12px rgba(0,0,0,0.15); width:100%; max-width:600px; text-align:center; backdrop-filter:blur(6px);\">\n<h2 style=\"font-size:1.6rem; margin-bottom:12px;\">Sobre m\u00ed<\/h2>\n<p><strong>Nombre:<\/strong> Javier Caeiro<\/p>\n<p><strong>Profesi\u00f3n:<\/strong> Desarrollador<\/p>\n<p><strong>Ubicaci\u00f3n:<\/strong> Galicia, Espa\u00f1a<\/p>\n<p><strong>Email:<\/strong> <a href=\"mailto:jcaeiron@gmail.com\" style=\"color:#fff; text-decoration:underline;\">jcaeiron@gmail.com<\/a><\/p>\n<\/section>\n<p><\/body><\/p>\n    <\/div>\n<\/div>\n<!-- \/module text -->\n\t        <\/div>\n\t    \t<\/div>\n\t\t    <\/div>\n\t    <!-- \/row_inner -->\n\t<\/div>\n\t<!-- \/module_row -->\n\t<\/div>\n\n","protected":false},"excerpt":{"rendered":"<p>Bienvenido a mi web Informaci\u00f3n, comunicaci\u00f3n y servicios Sobre m\u00ed Nombre: Javier Caeiro Profesi\u00f3n: Desarrollador Ubicaci\u00f3n: Galicia, Espa\u00f1a Email: jcaeiron@gmail.com<\/p>\n","protected":false},"author":1,"featured_media":0,"parent":0,"menu_order":0,"comment_status":"closed","ping_status":"closed","template":"","meta":{"footnotes":""},"class_list":["post-58","page","type-page","status-publish","hentry","has-post-title","has-post-date","has-post-category","has-post-tag","has-post-comment","has-post-author",""],"builder_content":"<p><body style=\"margin:0; padding:0; min-height:100vh; background:linear-gradient(135deg, #6a11cb 0%, #2575fc 100%); font-family:-apple-system, BlinkMacSystemFont, 'Segoe UI', Roboto, Arial, sans-serif; color:#fff; display:flex; flex-direction:column;\"><\/p> <header style=\"text-align:center; padding:40px 20px;\"> <h1 style=\"font-size:2.4rem; margin-bottom:10px;\">Bienvenido a mi web<\/h1> <p style=\"font-size:1.1rem; opacity:0.9; margin-top:0;\"> Informaci\u00f3n, comunicaci\u00f3n y servicios <\/p> <\/header> <p> <main style=\"flex:1; display:flex; flex-direction:column; align-items:center; justify-content:center; padding:20px;\"><\/p> <section style=\"background:rgba(0,0,0,0.15); padding:24px; border-radius:16px; box-shadow:0 4px 12px rgba(0,0,0,0.15); width:100%; max-width:600px; text-align:center; backdrop-filter:blur(6px);\"> <h2 style=\"font-size:1.6rem; margin-bottom:12px;\">Sobre m\u00ed<\/h2> <p><strong>Nombre:<\/strong> Javier Caeiro<\/p> <p><strong>Profesi\u00f3n:<\/strong> Desarrollador<\/p> <p><strong>Ubicaci\u00f3n:<\/strong> Galicia, Espa\u00f1a<\/p> <p><strong>Email:<\/strong> <a href=\"mailto:jcaeiron@gmail.com\" style=\"color:#fff; text-decoration:underline;\">jcaeiron@gmail.com<\/a><\/p> <\/section> <p><\/body><\/p>","_links":{"self":[{"href":"https:\/\/jcaeiro.com\/index.php?rest_route=\/wp\/v2\/pages\/58","targetHints":{"allow":["GET"]}}],"collection":[{"href":"https:\/\/jcaeiro.com\/index.php?rest_route=\/wp\/v2\/pages"}],"about":[{"href":"https:\/\/jcaeiro.com\/index.php?rest_route=\/wp\/v2\/types\/page"}],"author":[{"embeddable":true,"href":"https:\/\/jcaeiro.com\/index.php?rest_route=\/wp\/v2\/users\/1"}],"replies":[{"embeddable":true,"href":"https:\/\/jcaeiro.com\/index.php?rest_route=%2Fwp%2Fv2%2Fcomments&post=58"}],"version-history":[{"count":44,"href":"https:\/\/jcaeiro.com\/index.php?rest_route=\/wp\/v2\/pages\/58\/revisions"}],"predecessor-version":[{"id":154,"href":"https:\/\/jcaeiro.com\/index.php?rest_route=\/wp\/v2\/pages\/58\/revisions\/154"}],"wp:attachment":[{"href":"https:\/\/jcaeiro.com\/index.php?rest_route=%2Fwp%2Fv2%2Fmedia&parent=58"}],"curies":[{"name":"wp","href":"https:\/\/api.w.org\/{rel}","templated":true}]}}